{"id":226,"date":"2017-09-13T03:54:45","date_gmt":"2017-09-13T03:54:45","guid":{"rendered":"http:\/\/apressthemes.com\/demo17\/?page_id=6"},"modified":"2024-03-29T11:27:06","modified_gmt":"2024-03-29T10:27:06","slug":"home","status":"publish","type":"page","link":"https:\/\/hofacker-webdesign.de\/getraenkeparadies\/","title":{"rendered":"Home"},"content":{"rendered":"<p>[vc_row][vc_column][vc_wp_text]<\/p>\n<h2>Ihr Getr\u00e4nkeparadies Pfedelbach<\/h2>\n<h3>hei\u00dft Sie herzlich Willkommen<\/h3>\n<p class=\"big\">mit einem gro\u00dfen Getr\u00e4nkesortiment und einem freundlichen Service sind wir f\u00fcr Sie da.<\/p>\n<p class=\"basecolor\">Wir l\u00f6schen Ihren Durst!<\/p>\n<p>[\/vc_wp_text][apress_expanding_image image=&#8220;251&#8243; img_size=&#8220;full&#8220; max_width=&#8220;100%&#8220;][vc_raw_html]JTNDaDElMjBpZCUzRCUyMmtvbnRha3QlMjIlM0UlM0MlMkZoMSUzRQ==[\/vc_raw_html][\/vc_column][\/vc_row][vc_row gap=&#8220;30&#8243; css=&#8220;.vc_custom_1505388678518{padding-top: 60px !important;padding-bottom: 50px !important;}&#8220;][vc_column css_animation=&#8220;fadeInUp&#8220; width=&#8220;1\/2&#8243;][apress_gradient_icon_box icon_alignment=&#8220;left&#8220; description=&#8220;&#8220; icon_family=&#8220;fontawesome&#8220; icon_fontawesome=&#8220;fa fa-map-marker&#8220; style=&#8220;iconbox_style1&#8243; title_font_options=&#8220;tag:h4&#8243;]<\/p>\n<h1>Kontakt<\/h1>\n<p>Sie haben Fragen zu unseren Produkten oder w\u00fcnschen sich Beratung f\u00fcr Ihren Einkauf? Kein Problem, wir sind gern f\u00fcr Sie da.<br \/>\nSo erreichen Sie uns:<\/p>\n<p>\u00d6hringer Stra\u00dfe 4<br \/>\n74629 Pfedelbach<br \/>\nTel.: 07941-61890<br \/>\nEmail: info[@]getraenkeparadies-pfedelbach.de<\/p>\n<p>\u00d6ffnungszeiten:<br \/>\nMo.-Fr. 8.00-18.30 Uhr<br \/>\nSa. 8.00-16.00 Uhr[\/apress_gradient_icon_box][\/vc_column][vc_column width=&#8220;1\/2&#8243;][apress_heading sub_title=&#8220;&#8220; style=&#8220;heading_style12&#8243; title_font_options=&#8220;tag:h2&#8243; subtitle_font_options=&#8220;tag:div&#8220;]Kundenbewertungen[\/apress_heading][apress_testimonial_slider excerpt_length=&#8220;300&#8243; desktop_no_of_items=&#8220;1&#8243; tablet_no_of_items=&#8220;1&#8243; mobile_no_of_items=&#8220;1&#8243; author_image=&#8220;&#8220; num=&#8220;42&#8243; testimonialbox_bg_color=&#8220;&#8220; testimonialbox_border_color=&#8220;#0b9547&#8243; star_color=&#8220;#0b9547&#8243; box_hover_shadow=&#8220;box_shadow_enable:enable|shadow_horizontal:0|shadow_vertical:0|shadow_blur:10|shadow_spread:0|box_shadow_color:rgba(0%2C0%2C0%2C0.08)&#8220; testimonialnamefontcolor=&#8220;#0b9547&#8243; carousel_loop=&#8220;&#8220; carousel_autoplay=&#8220;&#8220; testimonialsliderpagi=&#8220;pagi_none&#8220; testimonialslidernav=&#8220;nav_style2&#8243; testimonialimgborcolor=&#8220;#0b9547&#8243; testimonialstyle=&#8220;testimonials_style4&#8243; designation_font_options=&#8220;font_size:13&#8243;][\/vc_column][\/vc_row][vc_row][vc_column css_animation=&#8220;fadeInUp&#8220;][apress_callto_action calltoaction_style=&#8220;style2&#8243; calltoaction_topbottom_pad=&#8220;50&#8243; calltoaction_leftright_pad=&#8220;50&#8243; calltoaction_title=&#8220;Auf Ihren Besuch freut sich Ihr Getr\u00e4nkeparadies Pfedelbach !&#8220; calltoaction_title_lineheight=&#8220;18&#8243; calltoaction_text=&#8220;&#8220; calltoaction_textalign=&#8220;center&#8220; calltoaction_titlecolor=&#8220;#ffffff&#8220; calltoaction_textcolor=&#8220;#ffffff&#8220; calltoaction_boxbgcolor=&#8220;#0b9547&#8243;][\/vc_column][\/vc_row]<\/p>\n","protected":false},"excerpt":{"rendered":"<p>[vc_row][vc_column][vc_wp_text] Ihr Getr\u00e4nkeparadies Pfedelbach hei\u00dft Sie herzlich Willkommen mit einem gro\u00dfen Getr\u00e4nkesortiment und einem freundlichen Service sind wir f\u00fcr Sie da. Wir l\u00f6schen Ihren Durst! [\/vc_wp_text][apress_expanding_image image=&#8220;251&#8243; img_size=&#8220;full&#8220; max_width=&#8220;100%&#8220;][vc_raw_html]JTNDaDElMjBpZCUzRCUyMmtvbnRha3QlMjIlM0UlM0MlMkZoMSUzRQ==[\/vc_raw_html][\/vc_column][\/vc_row][vc_row gap=&#8220;30&#8243; css=&#8220;.vc_custom_1505388678518{padding-top: 60px !important;padding-bottom: 50px !important;}&#8220;][vc_column css_animation=&#8220;fadeInUp&#8220; width=&#8220;1\/2&#8243;][apress_gradient_icon_box icon_alignment=&#8220;left&#8220; description=&#8220;&#8220; icon_family=&#8220;fontawesome&#8220;<span class=\"read_more_area\"><a class=\"read-more\" href=\"https:\/\/hofacker-webdesign.de\/getraenkeparadies\/\"> Continue Reading <\/a><\/span><\/p>\n","protected":false},"author":1,"featured_media":0,"parent":0,"menu_order":0,"comment_status":"closed","ping_status":"closed","template":"","meta":{"footnotes":""},"class_list":["post-226","page","type-page","status-publish","hentry"],"_links":{"self":[{"href":"https:\/\/hofacker-webdesign.de\/getraenkeparadies\/wp-json\/wp\/v2\/pages\/226","targetHints":{"allow":["GET"]}}],"collection":[{"href":"https:\/\/hofacker-webdesign.de\/getraenkeparadies\/wp-json\/wp\/v2\/pages"}],"about":[{"href":"https:\/\/hofacker-webdesign.de\/getraenkeparadies\/wp-json\/wp\/v2\/types\/page"}],"author":[{"embeddable":true,"href":"https:\/\/hofacker-webdesign.de\/getraenkeparadies\/wp-json\/wp\/v2\/users\/1"}],"replies":[{"embeddable":true,"href":"https:\/\/hofacker-webdesign.de\/getraenkeparadies\/wp-json\/wp\/v2\/comments?post=226"}],"version-history":[{"count":107,"href":"https:\/\/hofacker-webdesign.de\/getraenkeparadies\/wp-json\/wp\/v2\/pages\/226\/revisions"}],"predecessor-version":[{"id":697,"href":"https:\/\/hofacker-webdesign.de\/getraenkeparadies\/wp-json\/wp\/v2\/pages\/226\/revisions\/697"}],"wp:attachment":[{"href":"https:\/\/hofacker-webdesign.de\/getraenkeparadies\/wp-json\/wp\/v2\/media?parent=226"}],"curies":[{"name":"wp","href":"https:\/\/api.w.org\/{rel}","templated":true}]}}