{"id":236,"date":"2017-10-21T08:48:41","date_gmt":"2017-10-21T08:48:41","guid":{"rendered":"http:\/\/apressthemes.com\/demo17\/?page_id=235"},"modified":"2024-03-29T11:29:08","modified_gmt":"2024-03-29T10:29:08","slug":"contact","status":"publish","type":"page","link":"https:\/\/hofacker-webdesign.de\/getraenkeparadies\/contact\/","title":{"rendered":"Kontakt"},"content":{"rendered":"<p>[vc_row gap=&#8220;30&#8243; css=&#8220;.vc_custom_1505388678518{padding-top: 60px !important;padding-bottom: 50px !important;}&#8220;][vc_column css_animation=&#8220;fadeInUp&#8220; width=&#8220;1\/2&#8243;][apress_text_separator title=&#8220;Hier finden Sie uns&#8220; title_align=&#8220;separator_align_left&#8220; align=&#8220;align_left&#8220; color=&#8220;#ededed&#8220; title_font_options=&#8220;tag:h2|font_size:35|color:%23333333|line_height:45|letter_spacing:1&#8243;][vc_empty_space height=&#8220;20px&#8220;][apress_gradient_icon_box icon_alignment=&#8220;left&#8220; description=&#8220;&#8220; icon_family=&#8220;fontawesome&#8220; icon_fontawesome=&#8220;fa fa-map-marker&#8220; style=&#8220;iconbox_style1&#8243; title_font_options=&#8220;tag:h4&#8243;]\u00d6hringer Stra\u00dfe 4, 74629 Pfedelbach[\/apress_gradient_icon_box][vc_empty_space height=&#8220;20px&#8220;][vc_gmaps link=&#8220;#E-8_JTNDaWZyYW1lJTIwd2lkdGglM0QlMjI3MDAlMjIlMjBoZWlnaHQlM0QlMjI0NDAlMjIlMjBzcmMlM0QlMjJodHRwcyUzQSUyRiUyRm1hcHMuZ29vZ2xlLmNvbSUyRm1hcHMlM0Z3aWR0aCUzRDcwMCUyNmFtcCUzQmhlaWdodCUzRDQ0MCUyNmFtcCUzQmhsJTNEZW4lMjZhbXAlM0JxJTNEJTI1QzMlMjVCNmhyaW5nZXIlMjUyMHN0cmElMjVDMyUyNTlGZSUyNTIwNCUyNTJDJTI1MjA3NDYyOSUyNTIwcGZlZGVsYmFjaCUyQiUyOFRpdGVsJTI5JTI2YW1wJTNCaWUlM0RVVEY4JTI2YW1wJTNCdCUzRCUyNmFtcCUzQnolM0QxNCUyNmFtcCUzQml3bG9jJTNEQiUyNmFtcCUzQm91dHB1dCUzRGVtYmVkJTIyJTIwZnJhbWVib3JkZXIlM0QlMjIwJTIyJTIwc2Nyb2xsaW5nJTNEJTIybm8lMjIlMjBtYXJnaW5oZWlnaHQlM0QlMjIwJTIyJTIwbWFyZ2lud2lkdGglM0QlMjIwJTIyJTNFJTNDJTJGaWZyYW1lJTNF&#8220;][\/vc_column][vc_column css_animation=&#8220;fadeInUp&#8220; width=&#8220;1\/2&#8243;][apress_text_link_box readmore_text=&#8220;&#8220; title_font_options=&#8220;tag:h2&#8243;]Sie haben Fragen zu unseren Produkten oder w\u00fcnschen sich Beratung f\u00fcr Ihren Einkauf? Kein Problem, wir sind gern f\u00fcr Sie da.<br \/>\nSo erreichen Sie uns:<\/p>\n<p>\u00d6hringer Stra\u00dfe 4<br \/>\n74629 Pfedelbach<br \/>\nTel.: 07941-61890<br \/>\nEmail: info[@]getraenkeparadies-pfedelbach.de<\/p>\n<p>\u00d6ffnungszeiten:<br \/>\nMo.-Fr. 8.00-18.30 Uhr<br \/>\nSa. 8.00-16.00 Uhr[\/apress_text_link_box][\/vc_column][\/vc_row]<\/p>\n","protected":false},"excerpt":{"rendered":"<p>[vc_row gap=&#8220;30&#8243; css=&#8220;.vc_custom_1505388678518{padding-top: 60px !important;padding-bottom: 50px !important;}&#8220;][vc_column css_animation=&#8220;fadeInUp&#8220; width=&#8220;1\/2&#8243;][apress_text_separator title=&#8220;Hier finden Sie uns&#8220; title_align=&#8220;separator_align_left&#8220; align=&#8220;align_left&#8220; color=&#8220;#ededed&#8220; title_font_options=&#8220;tag:h2|font_size:35|color:%23333333|line_height:45|letter_spacing:1&#8243;][vc_empty_space height=&#8220;20px&#8220;][apress_gradient_icon_box icon_alignment=&#8220;left&#8220; description=&#8220;&#8220; icon_family=&#8220;fontawesome&#8220; icon_fontawesome=&#8220;fa fa-map-marker&#8220; style=&#8220;iconbox_style1&#8243; title_font_options=&#8220;tag:h4&#8243;]\u00d6hringer Stra\u00dfe 4, 74629 Pfedelbach[\/apress_gradient_icon_box][vc_empty_space height=&#8220;20px&#8220;][vc_gmaps link=&#8220;#E-8_JTNDaWZyYW1lJTIwd2lkdGglM0QlMjI3MDAlMjIlMjBoZWlnaHQlM0QlMjI0NDAlMjIlMjBzcmMlM0QlMjJodHRwcyUzQSUyRiUyRm1hcHMuZ29vZ2xlLmNvbSUyRm1hcHMlM0Z3aWR0aCUzRDcwMCUyNmFtcCUzQmhlaWdodCUzRDQ0MCUyNmFtcCUzQmhsJTNEZW4lMjZhbXAlM0JxJTNEJTI1QzMlMjVCNmhyaW5nZXIlMjUyMHN0cmElMjVDMyUyNTlGZSUyNTIwNCUyNTJDJTI1MjA3NDYyOSUyNTIwcGZlZGVsYmFjaCUyQiUyOFRpdGVsJTI5JTI2YW1wJTNCaWUlM0RVVEY4JTI2YW1wJTNCdCUzRCUyNmFtcCUzQnolM0QxNCUyNmFtcCUzQml3bG9jJTNEQiUyNmFtcCUzQm91dHB1dCUzRGVtYmVkJTIyJTIwZnJhbWVib3JkZXIlM0QlMjIwJTIyJTIwc2Nyb2xsaW5nJTNEJTIybm8lMjIlMjBtYXJnaW5oZWlnaHQlM0QlMjIwJTIyJTIwbWFyZ2lud2lkdGglM0QlMjIwJTIyJTNFJTNDJTJGaWZyYW1lJTNF&#8220;][\/vc_column][vc_column css_animation=&#8220;fadeInUp&#8220; width=&#8220;1\/2&#8243;][apress_text_link_box readmore_text=&#8220;&#8220; title_font_options=&#8220;tag:h2&#8243;]Sie haben Fragen zu unseren Produkten<span class=\"read_more_area\"><a class=\"read-more\" href=\"https:\/\/hofacker-webdesign.de\/getraenkeparadies\/contact\/\"> Continue Reading <\/a><\/span><\/p>\n","protected":false},"author":1,"featured_media":0,"parent":0,"menu_order":0,"comment_status":"closed","ping_status":"closed","template":"","meta":{"footnotes":""},"class_list":["post-236","page","type-page","status-publish","hentry"],"_links":{"self":[{"href":"https:\/\/hofacker-webdesign.de\/getraenkeparadies\/wp-json\/wp\/v2\/pages\/236","targetHints":{"allow":["GET"]}}],"collection":[{"href":"https:\/\/hofacker-webdesign.de\/getraenkeparadies\/wp-json\/wp\/v2\/pages"}],"about":[{"href":"https:\/\/hofacker-webdesign.de\/getraenkeparadies\/wp-json\/wp\/v2\/types\/page"}],"author":[{"embeddable":true,"href":"https:\/\/hofacker-webdesign.de\/getraenkeparadies\/wp-json\/wp\/v2\/users\/1"}],"replies":[{"embeddable":true,"href":"https:\/\/hofacker-webdesign.de\/getraenkeparadies\/wp-json\/wp\/v2\/comments?post=236"}],"version-history":[{"count":17,"href":"https:\/\/hofacker-webdesign.de\/getraenkeparadies\/wp-json\/wp\/v2\/pages\/236\/revisions"}],"predecessor-version":[{"id":699,"href":"https:\/\/hofacker-webdesign.de\/getraenkeparadies\/wp-json\/wp\/v2\/pages\/236\/revisions\/699"}],"wp:attachment":[{"href":"https:\/\/hofacker-webdesign.de\/getraenkeparadies\/wp-json\/wp\/v2\/media?parent=236"}],"curies":[{"name":"wp","href":"https:\/\/api.w.org\/{rel}","templated":true}]}}