{"id":134,"date":"2024-02-08T10:57:51","date_gmt":"2024-02-08T09:57:51","guid":{"rendered":"https:\/\/hofacker-webdesign.de\/projekte\/hwd\/?page_id=134"},"modified":"2024-02-08T11:03:38","modified_gmt":"2024-02-08T10:03:38","slug":"leistungen","status":"publish","type":"page","link":"https:\/\/hofacker-webdesign.de\/projekte\/hwd\/leistungen\/","title":{"rendered":"Leistungen"},"content":{"rendered":"\t\t<div data-elementor-type=\"wp-page\" data-elementor-id=\"134\" class=\"elementor elementor-134\">\n\t\t\t\t\t\t<section class=\"elementor-section elementor-top-section elementor-element elementor-element-f3b3e2d elementor-section-content-middle elementor-section-boxed elementor-section-height-default elementor-section-height-default\" data-id=\"f3b3e2d\" data-element_type=\"section\" data-e-type=\"section\" data-settings=\"{&quot;background_background&quot;:&quot;classic&quot;}\">\n\t\t\t\t\t\t\t<div class=\"elementor-background-overlay\"><\/div>\n\t\t\t\t\t\t\t<div class=\"elementor-container elementor-column-gap-default\">\n\t\t\t\t\t<div class=\"elementor-column elementor-col-50 elementor-top-column elementor-element elementor-element-0d9b491\" data-id=\"0d9b491\" data-element_type=\"column\" data-e-type=\"column\">\n\t\t\t<div class=\"elementor-widget-wrap elementor-element-populated\">\n\t\t\t\t\t\t<div class=\"elementor-element elementor-element-35de5f8 animated-fast elementor-icon-list--layout-traditional elementor-list-item-link-full_width elementor-invisible elementor-widget elementor-widget-icon-list\" data-id=\"35de5f8\" data-element_type=\"widget\" data-e-type=\"widget\" data-settings=\"{&quot;_animation&quot;:&quot;fadeInUp&quot;}\" data-widget_type=\"icon-list.default\">\n\t\t\t\t<div class=\"elementor-widget-container\">\n\t\t\t\t\t\t\t<ul class=\"elementor-icon-list-items\">\n\t\t\t\t\t\t\t<li class=\"elementor-icon-list-item\">\n\t\t\t\t\t\t\t\t\t\t\t<span class=\"elementor-icon-list-icon\">\n\t\t\t\t\t\t\t<svg aria-hidden=\"true\" class=\"e-font-icon-svg e-fas-square\" viewBox=\"0 0 448 512\" xmlns=\"http:\/\/www.w3.org\/2000\/svg\"><path d=\"M400 32H48C21.5 32 0 53.5 0 80v352c0 26.5 21.5 48 48 48h352c26.5 0 48-21.5 48-48V80c0-26.5-21.5-48-48-48z\"><\/path><\/svg>\t\t\t\t\t\t<\/span>\n\t\t\t\t\t\t\t\t\t\t<span class=\"elementor-icon-list-text\"><\/span>\n\t\t\t\t\t\t\t\t\t<\/li>\n\t\t\t\t\t\t<\/ul>\n\t\t\t\t\t\t<\/div>\n\t\t\t\t<\/div>\n\t\t\t\t<div class=\"elementor-element elementor-element-bdd9728 animated-fast elementor-invisible elementor-widget elementor-widget-text-editor\" data-id=\"bdd9728\" data-element_type=\"widget\" data-e-type=\"widget\" data-settings=\"{&quot;_animation&quot;:&quot;fadeInUp&quot;,&quot;_animation_delay&quot;:200}\" data-widget_type=\"text-editor.default\">\n\t\t\t\t<div class=\"elementor-widget-container\">\n\t\t\t\t\t\t\t\t\t<div class=\"elementor-element elementor-element-d3b7ba0 wow fadeInUp elementor-widget elementor-widget-text-editor\" data-id=\"d3b7ba0\" data-element_type=\"widget\" data-widget_type=\"text-editor.default\"><div class=\"elementor-widget-container\"><h4>Leistungsspektrum:<\/h4><\/div><\/div><div class=\"elementor-element elementor-element-2185e63 elementor-widget elementor-widget-ct_list\" data-id=\"2185e63\" data-element_type=\"widget\" data-widget_type=\"ct_list.default\"><div class=\"elementor-widget-container\"><div class=\"ct-list style1 \"><div class=\"ct-list-item \"><div class=\"ct-list-icon\">\u00a0<\/div><div class=\"ct-list-meta\"><p>Konzeption, Erstellung und Pflege Ihrer Internetseiten<\/p><\/div><\/div><div class=\"ct-list-item \"><div class=\"ct-list-icon\">\u00a0<\/div><div class=\"ct-list-meta\"><div class=\"ct-list-desc\">Homepage f\u00fcr Firmen<\/div><\/div><\/div><div class=\"ct-list-item \"><div class=\"ct-list-icon\">\u00a0<\/div><div class=\"ct-list-meta\"><div class=\"ct-list-desc\">Homepage f\u00fcr Vereine<\/div><\/div><\/div><div class=\"ct-list-item \"><div class=\"ct-list-icon\">\u00a0<\/div><div class=\"ct-list-meta\"><div class=\"ct-list-desc\">Page Speed: Website Ladezeit Optimierung<\/div><\/div><\/div><div class=\"ct-list-item \"><div class=\"ct-list-icon\">\u00a0<\/div><div class=\"ct-list-meta\"><div class=\"ct-list-desc\">Erstellung von eigenst\u00e4ndigen mobilen Webseiten<\/div><\/div><\/div><div class=\"ct-list-item \"><div class=\"ct-list-icon\">\u00a0<\/div><div class=\"ct-list-meta\"><div class=\"ct-list-desc\">Integration von Content Management Systemen (WordPress, Joomla)<\/div><\/div><\/div><div class=\"ct-list-item \"><div class=\"ct-list-icon\">\u00a0<\/div><div class=\"ct-list-meta\"><div class=\"ct-list-desc\">Schulungen zum Content Management System<\/div><\/div><\/div><\/div><\/div><\/div>\t\t\t\t\t\t\t\t<\/div>\n\t\t\t\t<\/div>\n\t\t\t\t<div class=\"elementor-element elementor-element-c33c485 elementor-widget elementor-widget-spacer\" data-id=\"c33c485\" data-element_type=\"widget\" data-e-type=\"widget\" data-widget_type=\"spacer.default\">\n\t\t\t\t<div class=\"elementor-widget-container\">\n\t\t\t\t\t\t\t<div class=\"elementor-spacer\">\n\t\t\t<div class=\"elementor-spacer-inner\"><\/div>\n\t\t<\/div>\n\t\t\t\t\t\t<\/div>\n\t\t\t\t<\/div>\n\t\t\t\t\t<\/div>\n\t\t<\/div>\n\t\t\t\t<div class=\"elementor-column elementor-col-50 elementor-top-column elementor-element elementor-element-0f9303c\" data-id=\"0f9303c\" data-element_type=\"column\" data-e-type=\"column\">\n\t\t\t<div class=\"elementor-widget-wrap elementor-element-populated\">\n\t\t\t\t\t\t<div class=\"elementor-element elementor-element-50818b1 elementor-invisible elementor-widget elementor-widget-image\" data-id=\"50818b1\" data-element_type=\"widget\" data-e-type=\"widget\" data-settings=\"{&quot;_animation&quot;:&quot;fadeIn&quot;}\" data-widget_type=\"image.default\">\n\t\t\t\t<div class=\"elementor-widget-container\">\n\t\t\t\t\t\t\t\t\t\t\t\t\t\t\t<img fetchpriority=\"high\" decoding=\"async\" width=\"511\" height=\"595\" src=\"https:\/\/hofacker-webdesign.de\/wp-content\/uploads\/2024\/02\/h4-about21.png\" class=\"attachment-full size-full wp-image-136\" alt=\"\" srcset=\"https:\/\/hofacker-webdesign.de\/wp-content\/uploads\/2024\/02\/h4-about21.png 511w, https:\/\/hofacker-webdesign.de\/wp-content\/uploads\/2024\/02\/h4-about21-258x300.png 258w\" sizes=\"(max-width: 511px) 100vw, 511px\" \/>\t\t\t\t\t\t\t\t\t\t\t\t\t\t\t<\/div>\n\t\t\t\t<\/div>\n\t\t\t\t\t<\/div>\n\t\t<\/div>\n\t\t\t\t\t<\/div>\n\t\t<\/section>\n\t\t\t\t<section class=\"elementor-section elementor-top-section elementor-element elementor-element-0d5361b elementor-section-content-middle elementor-section-boxed elementor-section-height-default elementor-section-height-default\" data-id=\"0d5361b\" data-element_type=\"section\" data-e-type=\"section\">\n\t\t\t\t\t\t<div class=\"elementor-container elementor-column-gap-default\">\n\t\t\t\t\t<div class=\"elementor-column elementor-col-100 elementor-top-column elementor-element elementor-element-cb15611\" data-id=\"cb15611\" data-element_type=\"column\" data-e-type=\"column\">\n\t\t\t<div class=\"elementor-widget-wrap elementor-element-populated\">\n\t\t\t\t\t\t<div class=\"elementor-element elementor-element-ee111fa animated-fast elementor-invisible elementor-widget elementor-widget-text-editor\" data-id=\"ee111fa\" data-element_type=\"widget\" data-e-type=\"widget\" data-settings=\"{&quot;_animation&quot;:&quot;fadeInUp&quot;,&quot;_animation_delay&quot;:200}\" data-widget_type=\"text-editor.default\">\n\t\t\t\t<div class=\"elementor-widget-container\">\n\t\t\t\t\t\t\t\t\t<p align=\"justify\"><strong>weitere Leistungen:<\/strong><br \/>sollte Ihr PC einmal ausgefallen sein stehe ich Ihnen jeder Zeit zur Verf\u00fcgung. Software-Probleme l\u00f6se ich so schnell es geht h\u00e4ufig auch direkt vor Ort.<br \/>Und selbst wenn gar nichts mehr geht, z.B. bei einem kompletten Systemabsturz oder den Ausfall einer Hardwarekomponente, werde ich eine schnelle L\u00f6sung f\u00fcr Sie finden und somit teure Ausfallkosten minimieren.<br \/>Ich berate Sie \u00fcber m\u00f6gliche Sicherheitsm\u00e4ngel bzw. Konfigurationsfehler in Ihrem System.<\/p><ul><li>Reparaturdienst zu jeder Zeit f\u00fcr s\u00e4mtliche anfallenden PC-Problemen<\/li><li>Hilfe bei Softwareproblemen<\/li><li>Neuinstallation von Betriebssystemen<\/li><li>Installationsservice Hard- und Software<\/li><li>Hard- und Softwareprobleme (Fehler, Abst\u00fcrze, Viren)<\/li><li>Computer Installation und Konfiguration<\/li><li>Konzeption, Aufbau und Aufr\u00fcstung von PC-Systemen<\/li><li>Einrichten von Internetzug\u00e4ngen<\/li><li>Einbindung eines WLan-Routers in ein bestehendes Ethernet Netzwerk<\/li><li>Datensicherung, Virenscanner, \u2026<\/li><\/ul>\t\t\t\t\t\t\t\t<\/div>\n\t\t\t\t<\/div>\n\t\t\t\t\t<\/div>\n\t\t<\/div>\n\t\t\t\t\t<\/div>\n\t\t<\/section>\n\t\t\t\t<\/div>\n\t\t","protected":false},"excerpt":{"rendered":"<p>Leistungsspektrum: \u00a0 Konzeption, Erstellung und Pflege Ihrer Internetseiten \u00a0Homepage f\u00fcr Firmen\u00a0Homepage f\u00fcr Vereine\u00a0Page Speed: Website Ladezeit Optimierung\u00a0Erstellung von eigenst\u00e4ndigen mobilen Webseiten\u00a0Integration von [&hellip;]<\/p>\n","protected":false},"author":1,"featured_media":0,"parent":0,"menu_order":0,"comment_status":"closed","ping_status":"closed","template":"","meta":{"footnotes":""},"class_list":["post-134","page","type-page","status-publish","hentry"],"_links":{"self":[{"href":"https:\/\/hofacker-webdesign.de\/projekte\/hwd\/wp-json\/wp\/v2\/pages\/134","targetHints":{"allow":["GET"]}}],"collection":[{"href":"https:\/\/hofacker-webdesign.de\/projekte\/hwd\/wp-json\/wp\/v2\/pages"}],"about":[{"href":"https:\/\/hofacker-webdesign.de\/projekte\/hwd\/wp-json\/wp\/v2\/types\/page"}],"author":[{"embeddable":true,"href":"https:\/\/hofacker-webdesign.de\/projekte\/hwd\/wp-json\/wp\/v2\/users\/1"}],"replies":[{"embeddable":true,"href":"https:\/\/hofacker-webdesign.de\/projekte\/hwd\/wp-json\/wp\/v2\/comments?post=134"}],"version-history":[{"count":4,"href":"https:\/\/hofacker-webdesign.de\/projekte\/hwd\/wp-json\/wp\/v2\/pages\/134\/revisions"}],"predecessor-version":[{"id":139,"href":"https:\/\/hofacker-webdesign.de\/projekte\/hwd\/wp-json\/wp\/v2\/pages\/134\/revisions\/139"}],"wp:attachment":[{"href":"https:\/\/hofacker-webdesign.de\/projekte\/hwd\/wp-json\/wp\/v2\/media?parent=134"}],"curies":[{"name":"wp","href":"https:\/\/api.w.org\/{rel}","templated":true}]}}